{"id":37,"date":"2022-12-15T16:35:14","date_gmt":"2022-12-15T15:35:14","guid":{"rendered":"http:\/\/centrum-harmonia.eu\/?page_id=37"},"modified":"2024-06-24T21:57:53","modified_gmt":"2024-06-24T19:57:53","slug":"ceske-vystupy","status":"publish","type":"page","link":"http:\/\/centrum-harmonia.eu\/?page_id=37","title":{"rendered":"Komunitn\u00e1 z\u00e1hrada a my"},"content":{"rendered":"\n<p><strong>Kurz Komunitn\u00e1 z\u00e1hrada a my<\/strong> sa zameriava na mo\u017enosti tvorby komunitnej z\u00e1hrady, druhy tak\u00fdchto komun\u00edt, ich plusov a m\u00ednusov pre \u010dlenov a z\u00fa\u010dastnen\u00fdch, mo\u017enosti tvorby produktov a komunitn\u00fdch z\u00e1hrad a rozvoju \u010dlenskej z\u00e1klade spolu s ich zvy\u0161ovan\u00edm zapojenosti a vzdel\u00e1vania. Kurz poskytuje spracovan\u00e9 podrobn\u00e9 teoretick\u00e9 materi\u00e1ly pre vyu\u017eitie v online teoretickom kurze.<\/p>\n\n\n\n<p>Kurz prispieva k zlep\u0161ovaniu vzdelania a \u013eah\u0161ej mo\u017enosti uplatnenia sa cie\u013eovej skupiny pri h\u013eadan\u00ed zamestnania v regi\u00f3ne s po\u013enohospod\u00e1rskou v\u00fdrobou, ale aj r\u00f4znymi mal\u00fdmi firmami s remeselnou v\u00fdrobou. Z\u00e1rove\u0148 je to mo\u017enos\u0165 na uplatnenie sa v mo\u017enom soci\u00e1lnom podniku, ktor\u00fd by takto mohol v regi\u00f3noch partnerov vznikn\u00fa\u0165. Samostatnou kateg\u00f3riou v\u00fdsledku tohto kurzu je vyu\u017e\u00edvanie jeho obsahu na terapiu pr\u00e1cou, terapiu pre zlep\u0161enie motorick\u00fdch zru\u010dnost\u00ed \u013eud\u00ed s postihom ale aj pre be\u017en\u00fa terapiu za \u00fa\u010delom relaxu pre \u013eud\u00ed postihnut\u00fdch stresom.<\/p>\n\n\n\n<hr class=\"wp-block-separator has-alpha-channel-opacity\"\/>\n\n\n\n<p><strong>Pracovn\u00e9 materi\u00e1ly<\/strong><\/p>\n\n\n\n<ul>\n<li><a href=\"http:\/\/centrum-harmonia.eu\/wp-content\/uploads\/2024\/06\/nbylinky-cz.pdf\">L\u00e9\u010div\u00e9 bylinky na zahrad\u011b &#8211; jemn\u00e1 kr\u00e1sa krajiny a dom\u00e1c\u00ed l\u00e9k\u00e1rni\u010dka<\/a><\/li>\n\n\n\n<li><a href=\"http:\/\/centrum-harmonia.eu\/wp-content\/uploads\/2024\/06\/nhlina.pdf\">Pou\u017eit\u00ed hl\u00edny v dom\u00e1cnosti<\/a><\/li>\n\n\n\n<li><a href=\"http:\/\/centrum-harmonia.eu\/wp-content\/uploads\/2024\/06\/nHlinene-steny_workshop_eng.pdf\">Vzd\u011bl\u00e1vac\u00ed lekce &#8211; workshop Hlin\u011bn\u00e9 st\u011bny<\/a><\/li>\n\n\n\n<li><a href=\"http:\/\/centrum-harmonia.eu\/wp-content\/uploads\/2024\/06\/njezero-cz.pdf\">Ud\u011blej si s\u00e1m jez\u00edrko &#8211; jak vyrobit um\u011bl\u00e9 jezero<\/a><\/li>\n\n\n\n<li><a href=\"http:\/\/centrum-harmonia.eu\/wp-content\/uploads\/2024\/06\/nKonopi_workshop_cz.pdf\">Workshop o p\u011bstov\u00e1n\u00ed konop\u00ed a jeho vyu\u017eit\u00ed v ekologick\u00e9m stavitelstv\u00ed<\/a><\/li>\n\n\n\n<li><a href=\"http:\/\/centrum-harmonia.eu\/wp-content\/uploads\/2024\/06\/nstrom-cz.pdf\">Strom je nov\u00fd \u017eivot<\/a><\/li>\n\n\n\n<li><a href=\"http:\/\/centrum-harmonia.eu\/wp-content\/uploads\/2024\/06\/nzagon-cz.pdf\">Vzd\u011bl\u00e1vac\u00ed lekce &#8211; Jak vybrat a vytvo\u0159it oplocen\u00ed pro kv\u011btinov\u00e9 z\u00e1hony<\/a><\/li>\n<\/ul>\n","protected":false},"excerpt":{"rendered":"<p>Kurz Komunitn\u00e1 z\u00e1hrada a my sa zameriava na mo\u017enosti tvorby komunitnej z\u00e1hrady, druhy tak\u00fdchto komun\u00edt, ich plusov a m\u00ednusov pre \u010dlenov a z\u00fa\u010dastnen\u00fdch, mo\u017enosti tvorby produktov a komunitn\u00fdch z\u00e1hrad a rozvoju \u010dlenskej z\u00e1klade spolu s ich zvy\u0161ovan\u00edm zapojenosti a vzdel\u00e1vania. Kurz poskytuje spracovan\u00e9 podrobn\u00e9 teoretick\u00e9 materi\u00e1ly pre vyu\u017eitie v online teoretickom kurze. Kurz prispieva k zlep\u0161ovaniu vzdelania a \u013eah\u0161ej mo\u017enosti uplatnenia sa cie\u013eovej skupiny pri h\u013eadan\u00ed zamestnania v regi\u00f3ne s po\u013enohospod\u00e1rskou v\u00fdrobou, ale aj r\u00f4znymi mal\u00fdmi firmami s remeselnou v\u00fdrobou. Z\u00e1rove\u0148 je to mo\u017enos\u0165 na uplatnenie sa v mo\u017enom soci\u00e1lnom podniku, ktor\u00fd by takto mohol v regi\u00f3noch partnerov vznikn\u00fa\u0165. Samostatnou kateg\u00f3riou v\u00fdsledku tohto kurzu je vyu\u017e\u00edvanie jeho obsahu na terapiu pr\u00e1cou, terapiu pre zlep\u0161enie motorick\u00fdch zru\u010dnost\u00ed \u013eud\u00ed s postihom ale aj pre be\u017en\u00fa terapiu za \u00fa\u010delom relaxu pre \u013eud\u00ed postihnut\u00fdch stresom. Pracovn\u00e9 materi\u00e1ly<\/p>\n","protected":false},"author":1,"featured_media":0,"parent":24,"menu_order":4,"comment_status":"closed","ping_status":"closed","template":"","meta":{"_monsterinsights_skip_tracking":false,"_monsterinsights_sitenote_active":false,"_monsterinsights_sitenote_note":"","_monsterinsights_sitenote_category":0},"_links":{"self":[{"href":"http:\/\/centrum-harmonia.eu\/index.php?rest_route=\/wp\/v2\/pages\/37"}],"collection":[{"href":"http:\/\/centrum-harmonia.eu\/index.php?rest_route=\/wp\/v2\/pages"}],"about":[{"href":"http:\/\/centrum-harmonia.eu\/index.php?rest_route=\/wp\/v2\/types\/page"}],"author":[{"embeddable":true,"href":"http:\/\/centrum-harmonia.eu\/index.php?rest_route=\/wp\/v2\/users\/1"}],"replies":[{"embeddable":true,"href":"http:\/\/centrum-harmonia.eu\/index.php?rest_route=%2Fwp%2Fv2%2Fcomments&post=37"}],"version-history":[{"count":5,"href":"http:\/\/centrum-harmonia.eu\/index.php?rest_route=\/wp\/v2\/pages\/37\/revisions"}],"predecessor-version":[{"id":223,"href":"http:\/\/centrum-harmonia.eu\/index.php?rest_route=\/wp\/v2\/pages\/37\/revisions\/223"}],"up":[{"embeddable":true,"href":"http:\/\/centrum-harmonia.eu\/index.php?rest_route=\/wp\/v2\/pages\/24"}],"wp:attachment":[{"href":"http:\/\/centrum-harmonia.eu\/index.php?rest_route=%2Fwp%2Fv2%2Fmedia&parent=37"}],"curies":[{"name":"wp","href":"https:\/\/api.w.org\/{rel}","templated":true}]}}