{"id":33,"date":"2022-12-15T16:30:44","date_gmt":"2022-12-15T15:30:44","guid":{"rendered":"http:\/\/centrum-harmonia.eu\/?page_id=33"},"modified":"2024-05-29T19:58:51","modified_gmt":"2024-05-29T17:58:51","slug":"partneri-projektu","status":"publish","type":"page","link":"http:\/\/centrum-harmonia.eu\/?page_id=33","title":{"rendered":"Partneri projektu"},"content":{"rendered":"\n<p><strong>OZ Gu\u013e\u00f4\u010dka<\/strong><\/p>\n\n\n\n<p>OZ Gu\u013e\u00f4\u010dka vykon\u00e1va \u010dinnosti v regi\u00f3ne Nitrianskeho kraja &#8211; akt\u00edvne v obci M\u00e1la\u0161. Hlavne v oblasti po\u013enohospod\u00e1rstva a alternat\u00edvnych sp\u00f4sobov hospod\u00e1renia. Oslovuje \u0161irok\u00e9 spektrum z\u00e1ujemcov o pr\u00e1cu na vidieku, preto\u017ee pripravuje stretnutia a besedy pre z\u00e1ujemcov o vytv\u00e1ranie spolo\u010dn\u00fdch podnikov a v\u00fdrobcov potrav\u00edn. Spolupracuje na odbornej \u00farovni s N\u00e1rodn\u00fdm po\u013enohospod\u00e1rskym centrom a pri vedeck\u00fdch \u00faloh\u00e1ch uplatnenia inovat\u00edvnych met\u00f3d s organiz\u00e1ciami na Slovensku a v zahrani\u010d\u00ed &#8211; Centrum Veronika, Lipka Brno.<\/p>\n\n\n\n<p><strong>Petrkl\u00ed\u010d help, z.s.<\/strong><\/p>\n\n\n\n<p>Petrkl\u00ed\u010d help je vzdel\u00e1vacia, inovat\u00edvna neziskov\u00e1 organiz\u00e1cia p\u00f4sobiaca v oblasti pr\u00e1ce s komunitu od roku 2005. Vedenie organiz\u00e1cie m\u00e1 dvadsa\u0165ro\u010dn\u00e9 sk\u00fasenosti v oblasti medzin\u00e1rodn\u00fdch projektov. N\u00e1\u0161 t\u00edm m\u00e1 bohat\u00e9 sk\u00fasenosti s pr\u00e1cou v t\u00e9mach ekol\u00f3gie a rie\u0161enia soci\u00e1lnych probl\u00e9mov v komunite. Zameriavame sa najm\u00e4 na pomoc miestnym po\u013enohospod\u00e1rom, aby boli udr\u017eate\u013en\u00ed.<\/p>\n\n\n\n<p><strong>SOLNY GWAREK \u2013 stowarzyszenie inicjatyw spo\u0142ecznych<\/strong><\/p>\n\n\n\n<p>Cie\u013eom zdru\u017eenia je prevencia a podpora zdravia, zdrav\u00e9ho \u017eivotn\u00e9ho \u0161t\u00fdlu, amat\u00e9rskeho \u0161portu, turistiky a telesnej rekre\u00e1cie, \u0161\u00edrenie telesnej kult\u00fary,&nbsp;soci\u00e1lna a odborn\u00e1 pomoc rodin\u00e1m a \u013eu\u010fom v \u0165a\u017ekej \u017eivotnej situ\u00e1cii, vr\u00e1tane zdravotne postihnut\u00fdch, z\u00e1visl\u00fdch, spoluz\u00e1visl\u00fdch a s probl\u00e9mom n\u00e1silia, boj proti&nbsp;nezamestnanosti,&nbsp;chudobe,&nbsp;vyrovn\u00e1vanie pr\u00edle\u017eitost\u00ed&nbsp;pre&nbsp;rodiny a osoby ohrozen\u00e9 vyl\u00fa\u010den\u00edm, organizovanie \u0161pecializovan\u00fdch foriem rekre\u00e1cie pre deti, ml\u00e1de\u017e, dospel\u00fdch a rodiny, aktivity zameran\u00e9 na verejn\u00fd poriadok a bezpe\u010dnos\u0165 a boj proti soci\u00e1lnym patol\u00f3gi\u00e1m, \u010dinnosti v oblasti vedy, vzdel\u00e1vania, v\u00fdchovy a kult\u00fary, pestovanie n\u00e1rodn\u00fdch trad\u00edci\u00ed, \u010dinnosti na ochranu po\u013esk\u00fdch kult\u00farnych statkov.<\/p>\n\n\n\n<p><\/p>\n\n\n\n<p><\/p>\n","protected":false},"excerpt":{"rendered":"<p>OZ Gu\u013e\u00f4\u010dka OZ Gu\u013e\u00f4\u010dka vykon\u00e1va \u010dinnosti v regi\u00f3ne Nitrianskeho kraja &#8211; akt\u00edvne v obci M\u00e1la\u0161. Hlavne v oblasti po\u013enohospod\u00e1rstva a alternat\u00edvnych sp\u00f4sobov hospod\u00e1renia. Oslovuje \u0161irok\u00e9 spektrum z\u00e1ujemcov o pr\u00e1cu na vidieku, preto\u017ee pripravuje stretnutia a besedy pre z\u00e1ujemcov o vytv\u00e1ranie spolo\u010dn\u00fdch podnikov a v\u00fdrobcov potrav\u00edn. Spolupracuje na odbornej \u00farovni s N\u00e1rodn\u00fdm po\u013enohospod\u00e1rskym centrom a pri vedeck\u00fdch \u00faloh\u00e1ch uplatnenia inovat\u00edvnych met\u00f3d s organiz\u00e1ciami na Slovensku a v zahrani\u010d\u00ed &#8211; Centrum Veronika, Lipka Brno. Petrkl\u00ed\u010d help, z.s. Petrkl\u00ed\u010d help je vzdel\u00e1vacia, inovat\u00edvna neziskov\u00e1 organiz\u00e1cia p\u00f4sobiaca v oblasti pr\u00e1ce s komunitu od roku 2005. Vedenie organiz\u00e1cie m\u00e1 dvadsa\u0165ro\u010dn\u00e9 sk\u00fasenosti v oblasti medzin\u00e1rodn\u00fdch projektov. N\u00e1\u0161 t\u00edm m\u00e1 bohat\u00e9 sk\u00fasenosti s pr\u00e1cou v t\u00e9mach ekol\u00f3gie a rie\u0161enia soci\u00e1lnych probl\u00e9mov v komunite. Zameriavame sa najm\u00e4 na pomoc miestnym po\u013enohospod\u00e1rom, aby boli udr\u017eate\u013en\u00ed. SOLNY GWAREK \u2013 stowarzyszenie inicjatyw spo\u0142ecznych Cie\u013eom zdru\u017eenia je prevencia a podpora zdravia, zdrav\u00e9ho \u017eivotn\u00e9ho \u0161t\u00fdlu, amat\u00e9rskeho \u0161portu, turistiky a telesnej rekre\u00e1cie, \u0161\u00edrenie telesnej&hellip;<\/p>\n<p> <a class=\"more-link\" href=\"http:\/\/centrum-harmonia.eu\/?page_id=33\">Read more<\/a><\/p>\n","protected":false},"author":1,"featured_media":0,"parent":24,"menu_order":1,"comment_status":"closed","ping_status":"closed","template":"","meta":{"_monsterinsights_skip_tracking":false,"_monsterinsights_sitenote_active":false,"_monsterinsights_sitenote_note":"","_monsterinsights_sitenote_category":0},"_links":{"self":[{"href":"http:\/\/centrum-harmonia.eu\/index.php?rest_route=\/wp\/v2\/pages\/33"}],"collection":[{"href":"http:\/\/centrum-harmonia.eu\/index.php?rest_route=\/wp\/v2\/pages"}],"about":[{"href":"http:\/\/centrum-harmonia.eu\/index.php?rest_route=\/wp\/v2\/types\/page"}],"author":[{"embeddable":true,"href":"http:\/\/centrum-harmonia.eu\/index.php?rest_route=\/wp\/v2\/users\/1"}],"replies":[{"embeddable":true,"href":"http:\/\/centrum-harmonia.eu\/index.php?rest_route=%2Fwp%2Fv2%2Fcomments&post=33"}],"version-history":[{"count":3,"href":"http:\/\/centrum-harmonia.eu\/index.php?rest_route=\/wp\/v2\/pages\/33\/revisions"}],"predecessor-version":[{"id":132,"href":"http:\/\/centrum-harmonia.eu\/index.php?rest_route=\/wp\/v2\/pages\/33\/revisions\/132"}],"up":[{"embeddable":true,"href":"http:\/\/centrum-harmonia.eu\/index.php?rest_route=\/wp\/v2\/pages\/24"}],"wp:attachment":[{"href":"http:\/\/centrum-harmonia.eu\/index.php?rest_route=%2Fwp%2Fv2%2Fmedia&parent=33"}],"curies":[{"name":"wp","href":"https:\/\/api.w.org\/{rel}","templated":true}]}}