{"id":117,"date":"2024-05-29T19:48:50","date_gmt":"2024-05-29T17:48:50","guid":{"rendered":"http:\/\/centrum-harmonia.eu\/?page_id=117"},"modified":"2024-05-30T20:53:51","modified_gmt":"2024-05-30T18:53:51","slug":"project-partners","status":"publish","type":"page","link":"http:\/\/centrum-harmonia.eu\/?page_id=117","title":{"rendered":"Project partners"},"content":{"rendered":"\n<p><strong>OZ Gu\u013e\u00f4\u010dka<\/strong><\/p>\n\n\n\n<p>OZ Gu\u013e\u00f4\u010dka operates in the Nitra region, specifically active in the village of M\u00e1la\u0161. It primarily focuses on agriculture and alternative farming methods. It addresses a wide range of people interested in rural work by organizing meetings and discussions for those interested in creating joint enterprises and food production. It collaborates professionally with the National Agricultural Center and on scientific tasks of applying innovative methods with organizations in Slovakia and abroad, such as Centrum Veronika and Lipka Brno.<\/p>\n\n\n\n<p><strong>Petrkl\u00ed\u010d help, z.s.<\/strong><\/p>\n\n\n\n<p>Petrkl\u00ed\u010d help is an educational, innovative non-profit organization that has been working in the field of community work since 2005. The management of the organization has twenty years of experience in international projects. Our team has extensive experience working on topics of ecology and solving social problems in the community. We mainly focus on helping local farmers to become sustainable.<\/p>\n\n\n\n<p><strong>SOLNY GWAREK \u2013 Association of Social Initiatives<\/strong><\/p>\n\n\n\n<p>The aim of the association is to prevent and support health, healthy lifestyles, amateur sports, tourism, and physical recreation, to promote physical culture, provide social and professional assistance to families and people in difficult life situations, including the disabled, addicts, co-dependents, and those with violence problems, fight against unemployment, poverty, and equalize opportunities for families and individuals at risk of exclusion, organize specialized forms of recreation for children, youth, adults, and families, activities aimed at public order and safety and combat social pathologies, activities in the fields of science, education, upbringing, and culture, cultivate national traditions, and activities to protect Polish cultural heritage.<\/p>\n","protected":false},"excerpt":{"rendered":"<p>OZ Gu\u013e\u00f4\u010dka OZ Gu\u013e\u00f4\u010dka operates in the Nitra region, specifically active in the village of M\u00e1la\u0161. It primarily focuses on agriculture and alternative farming methods. It addresses a wide range of people interested in rural work by organizing meetings and discussions for those interested in creating joint enterprises and food production. It collaborates professionally with the National Agricultural Center and on scientific tasks of applying innovative methods with organizations in Slovakia and abroad, such as Centrum Veronika and Lipka Brno. Petrkl\u00ed\u010d help, z.s. Petrkl\u00ed\u010d help is an educational, innovative non-profit organization that has been working in the field of community work since 2005. The management of the organization has twenty years of experience in international projects. Our team has extensive experience working on topics of ecology and solving social problems in the community. We mainly focus on helping local farmers to become sustainable. SOLNY GWAREK \u2013 Association of Social Initiatives&hellip;<\/p>\n<p> <a class=\"more-link\" href=\"http:\/\/centrum-harmonia.eu\/?page_id=117\">Read more<\/a><\/p>\n","protected":false},"author":1,"featured_media":0,"parent":99,"menu_order":1,"comment_status":"closed","ping_status":"closed","template":"","meta":{"_monsterinsights_skip_tracking":false,"_monsterinsights_sitenote_active":false,"_monsterinsights_sitenote_note":"","_monsterinsights_sitenote_category":0},"_links":{"self":[{"href":"http:\/\/centrum-harmonia.eu\/index.php?rest_route=\/wp\/v2\/pages\/117"}],"collection":[{"href":"http:\/\/centrum-harmonia.eu\/index.php?rest_route=\/wp\/v2\/pages"}],"about":[{"href":"http:\/\/centrum-harmonia.eu\/index.php?rest_route=\/wp\/v2\/types\/page"}],"author":[{"embeddable":true,"href":"http:\/\/centrum-harmonia.eu\/index.php?rest_route=\/wp\/v2\/users\/1"}],"replies":[{"embeddable":true,"href":"http:\/\/centrum-harmonia.eu\/index.php?rest_route=%2Fwp%2Fv2%2Fcomments&post=117"}],"version-history":[{"count":1,"href":"http:\/\/centrum-harmonia.eu\/index.php?rest_route=\/wp\/v2\/pages\/117\/revisions"}],"predecessor-version":[{"id":118,"href":"http:\/\/centrum-harmonia.eu\/index.php?rest_route=\/wp\/v2\/pages\/117\/revisions\/118"}],"up":[{"embeddable":true,"href":"http:\/\/centrum-harmonia.eu\/index.php?rest_route=\/wp\/v2\/pages\/99"}],"wp:attachment":[{"href":"http:\/\/centrum-harmonia.eu\/index.php?rest_route=%2Fwp%2Fv2%2Fmedia&parent=117"}],"curies":[{"name":"wp","href":"https:\/\/api.w.org\/{rel}","templated":true}]}}